{"id":1506,"date":"2020-03-25T19:07:44","date_gmt":"2020-03-25T19:07:44","guid":{"rendered":"http:\/\/www.viajandoamiritmo.com\/?page_id=1506"},"modified":"2023-06-12T11:19:42","modified_gmt":"2023-06-12T11:19:42","slug":"sobre-mi","status":"publish","type":"page","link":"https:\/\/www.viajandoamiritmo.com\/?page_id=1506","title":{"rendered":"SOBRE M\u00cd"},"content":{"rendered":"\n<p>Bienvenid@ a VIAJANDO A MI RITMO.<\/p>\n\n\n\n<p>Ante todo, muchas gracias por visitar mi blog. Me hace mucha ilusi\u00f3n que hayas llegado hasta aqu\u00ed.<\/p>\n\n\n\n<p>Si has llegado a esta ventanita es porqu\u00e9 tienes curiosidad por saber algo de mi.<\/p>\n\n\n\n<p>Mi nombre es Gemma, soy de Barcelona.  Actualmente trabajo como higienista dental y en mi tiempo libre lo que m\u00e1s me gusta es viajar, ya sea hacer una salida de un d\u00eda por mi ciudad o a alg\u00fan lugar cercano, o escaparme un fin de semana a una ciudad europea.<\/p>\n\n\n\n<p>Y una vez al a\u00f1o me gusta hacer un gran viaje: un viaje que dure almenos 2 semanas.<\/p>\n\n\n\n<p>Me encanta viajar, escribir y hablar sobre mis viajes y sacar fotograf\u00edas de los lugares que visito. Soy una adicta a los viajes, ya que cuando no estoy viajando, estoy pensando en cu\u00e1l ser\u00e1 el pr\u00f3ximo destino que visitar\u00e9.<\/p>\n\n\n\n<p>Me encanta conocer diferentes culturas, su gastronom\u00edas, sus costumbres. Soy de las que piensa que eso te hace abrir la mente.<\/p>\n\n\n\n\n","protected":false},"excerpt":{"rendered":"<p>Bienvenid@ a VIAJANDO A MI RITMO. Ante todo, muchas gracias por visitar mi blog. Me hace mucha ilusi\u00f3n que hayas llegado hasta aqu\u00ed. Si has llegado a esta ventanita es porqu\u00e9 tienes curiosidad por saber algo de mi. Mi nombre es Gemma, soy de Barcelona. Actualmente trabajo como higienista dental y en mi tiempo libre<\/p>\n","protected":false},"author":1,"featured_media":0,"parent":0,"menu_order":0,"comment_status":"closed","ping_status":"closed","template":"","meta":{"footnotes":""},"class_list":["post-1506","page","type-page","status-publish","hentry"],"yoast_head":"<!-- This site is optimized with the Yoast SEO plugin v24.4 - https:\/\/yoast.com\/wordpress\/plugins\/seo\/ -->\n<title>SOBRE M\u00cd - Viajando a mi ritmo<\/title>\n<meta name=\"robots\" content=\"index, follow, max-snippet:-1, max-image-preview:large, max-video-preview:-1\" \/>\n<link rel=\"canonical\" href=\"https:\/\/www.viajandoamiritmo.com\/?page_id=1506\" \/>\n<meta property=\"og:locale\" content=\"es_ES\" \/>\n<meta property=\"og:type\" content=\"article\" \/>\n<meta property=\"og:title\" content=\"SOBRE M\u00cd - Viajando a mi ritmo\" \/>\n<meta property=\"og:description\" content=\"Bienvenid@ a VIAJANDO A MI RITMO. Ante todo, muchas gracias por visitar mi blog. Me hace mucha ilusi\u00f3n que hayas llegado hasta aqu\u00ed. Si has llegado a esta ventanita es porqu\u00e9 tienes curiosidad por saber algo de mi. Mi nombre es Gemma, soy de Barcelona. Actualmente trabajo como higienista dental y en mi tiempo libre\" \/>\n<meta property=\"og:url\" content=\"https:\/\/www.viajandoamiritmo.com\/?page_id=1506\" \/>\n<meta property=\"og:site_name\" content=\"Viajando a mi ritmo\" \/>\n<meta property=\"article:modified_time\" content=\"2023-06-12T11:19:42+00:00\" \/>\n<meta name=\"twitter:card\" content=\"summary_large_image\" \/>\n<meta name=\"twitter:label1\" content=\"Tiempo de lectura\" \/>\n\t<meta name=\"twitter:data1\" content=\"1 minuto\" \/>\n<script type=\"application\/ld+json\" class=\"yoast-schema-graph\">{\"@context\":\"https:\/\/schema.org\",\"@graph\":[{\"@type\":\"WebPage\",\"@id\":\"https:\/\/www.viajandoamiritmo.com\/?page_id=1506\",\"url\":\"https:\/\/www.viajandoamiritmo.com\/?page_id=1506\",\"name\":\"SOBRE M\u00cd - Viajando a mi ritmo\",\"isPartOf\":{\"@id\":\"https:\/\/www.viajandoamiritmo.com\/#website\"},\"datePublished\":\"2020-03-25T19:07:44+00:00\",\"dateModified\":\"2023-06-12T11:19:42+00:00\",\"breadcrumb\":{\"@id\":\"https:\/\/www.viajandoamiritmo.com\/?page_id=1506#breadcrumb\"},\"inLanguage\":\"es\",\"potentialAction\":[{\"@type\":\"ReadAction\",\"target\":[\"https:\/\/www.viajandoamiritmo.com\/?page_id=1506\"]}]},{\"@type\":\"BreadcrumbList\",\"@id\":\"https:\/\/www.viajandoamiritmo.com\/?page_id=1506#breadcrumb\",\"itemListElement\":[{\"@type\":\"ListItem\",\"position\":1,\"name\":\"Portada\",\"item\":\"https:\/\/www.viajandoamiritmo.com\/\"},{\"@type\":\"ListItem\",\"position\":2,\"name\":\"SOBRE M\u00cd\"}]},{\"@type\":\"WebSite\",\"@id\":\"https:\/\/www.viajandoamiritmo.com\/#website\",\"url\":\"https:\/\/www.viajandoamiritmo.com\/\",\"name\":\"Viajando a mi ritmo\",\"description\":\"Blog de mis viajes y escapadas\",\"potentialAction\":[{\"@type\":\"SearchAction\",\"target\":{\"@type\":\"EntryPoint\",\"urlTemplate\":\"https:\/\/www.viajandoamiritmo.com\/?s={search_term_string}\"},\"query-input\":{\"@type\":\"PropertyValueSpecification\",\"valueRequired\":true,\"valueName\":\"search_term_string\"}}],\"inLanguage\":\"es\"}]}<\/script>\n<!-- \/ Yoast SEO plugin. -->","yoast_head_json":{"title":"SOBRE M\u00cd - Viajando a mi ritmo","robots":{"index":"index","follow":"follow","max-snippet":"max-snippet:-1","max-image-preview":"max-image-preview:large","max-video-preview":"max-video-preview:-1"},"canonical":"https:\/\/www.viajandoamiritmo.com\/?page_id=1506","og_locale":"es_ES","og_type":"article","og_title":"SOBRE M\u00cd - Viajando a mi ritmo","og_description":"Bienvenid@ a VIAJANDO A MI RITMO. Ante todo, muchas gracias por visitar mi blog. Me hace mucha ilusi\u00f3n que hayas llegado hasta aqu\u00ed. Si has llegado a esta ventanita es porqu\u00e9 tienes curiosidad por saber algo de mi. Mi nombre es Gemma, soy de Barcelona. Actualmente trabajo como higienista dental y en mi tiempo libre","og_url":"https:\/\/www.viajandoamiritmo.com\/?page_id=1506","og_site_name":"Viajando a mi ritmo","article_modified_time":"2023-06-12T11:19:42+00:00","twitter_card":"summary_large_image","twitter_misc":{"Tiempo de lectura":"1 minuto"},"schema":{"@context":"https:\/\/schema.org","@graph":[{"@type":"WebPage","@id":"https:\/\/www.viajandoamiritmo.com\/?page_id=1506","url":"https:\/\/www.viajandoamiritmo.com\/?page_id=1506","name":"SOBRE M\u00cd - Viajando a mi ritmo","isPartOf":{"@id":"https:\/\/www.viajandoamiritmo.com\/#website"},"datePublished":"2020-03-25T19:07:44+00:00","dateModified":"2023-06-12T11:19:42+00:00","breadcrumb":{"@id":"https:\/\/www.viajandoamiritmo.com\/?page_id=1506#breadcrumb"},"inLanguage":"es","potentialAction":[{"@type":"ReadAction","target":["https:\/\/www.viajandoamiritmo.com\/?page_id=1506"]}]},{"@type":"BreadcrumbList","@id":"https:\/\/www.viajandoamiritmo.com\/?page_id=1506#breadcrumb","itemListElement":[{"@type":"ListItem","position":1,"name":"Portada","item":"https:\/\/www.viajandoamiritmo.com\/"},{"@type":"ListItem","position":2,"name":"SOBRE M\u00cd"}]},{"@type":"WebSite","@id":"https:\/\/www.viajandoamiritmo.com\/#website","url":"https:\/\/www.viajandoamiritmo.com\/","name":"Viajando a mi ritmo","description":"Blog de mis viajes y escapadas","potentialAction":[{"@type":"SearchAction","target":{"@type":"EntryPoint","urlTemplate":"https:\/\/www.viajandoamiritmo.com\/?s={search_term_string}"},"query-input":{"@type":"PropertyValueSpecification","valueRequired":true,"valueName":"search_term_string"}}],"inLanguage":"es"}]}},"_links":{"self":[{"href":"https:\/\/www.viajandoamiritmo.com\/index.php?rest_route=\/wp\/v2\/pages\/1506","targetHints":{"allow":["GET"]}}],"collection":[{"href":"https:\/\/www.viajandoamiritmo.com\/index.php?rest_route=\/wp\/v2\/pages"}],"about":[{"href":"https:\/\/www.viajandoamiritmo.com\/index.php?rest_route=\/wp\/v2\/types\/page"}],"author":[{"embeddable":true,"href":"https:\/\/www.viajandoamiritmo.com\/index.php?rest_route=\/wp\/v2\/users\/1"}],"replies":[{"embeddable":true,"href":"https:\/\/www.viajandoamiritmo.com\/index.php?rest_route=%2Fwp%2Fv2%2Fcomments&post=1506"}],"version-history":[{"count":6,"href":"https:\/\/www.viajandoamiritmo.com\/index.php?rest_route=\/wp\/v2\/pages\/1506\/revisions"}],"predecessor-version":[{"id":2188,"href":"https:\/\/www.viajandoamiritmo.com\/index.php?rest_route=\/wp\/v2\/pages\/1506\/revisions\/2188"}],"wp:attachment":[{"href":"https:\/\/www.viajandoamiritmo.com\/index.php?rest_route=%2Fwp%2Fv2%2Fmedia&parent=1506"}],"curies":[{"name":"wp","href":"https:\/\/api.w.org\/{rel}","templated":true}]}}