{"id":1084,"date":"2018-12-03T12:43:10","date_gmt":"2018-12-03T12:43:10","guid":{"rendered":"https:\/\/malina.artstudioworks.net\/?page_id=1084"},"modified":"2020-04-27T19:29:13","modified_gmt":"2020-04-27T19:29:13","slug":"home","status":"publish","type":"page","link":"https:\/\/www.viajandoamiritmo.com\/","title":{"rendered":"Home"},"content":{"rendered":"<div id=\"latest-posts\"><div id=\"blog-posts-1\" class=\"row-fluid blog-posts\"><article class=\"post-size span6 style_1 2386 post-2386 post type-post status-publish format-standard has-post-thumbnail hentry category-catalunya tag-catalunya tag-tarragona tag-travel post\"><div class=\"post-content-container textcenter\"><div class=\"post-img-block\"><div class=\"label-date\"><span class=\"day\">16<\/span><span class=\"month\">Feb<\/span><\/div><figure class=\"post-img\"><a href=\"https:\/\/www.viajandoamiritmo.com\/?p=2386\" rel=\"bookmark\"><img decoding=\"async\" width=\"1\" height=\"1\" src=\"https:\/\/www.viajandoamiritmo.com\/wp-content\/uploads\/2025\/02\/IMG_1910.heic\" class=\"attachment-medium size-medium wp-post-image\" alt=\"\" \/><\/a><\/figure><\/div><div class=\"post-content-block\"><div class=\"meta-categories\"><a href=\"https:\/\/www.viajandoamiritmo.com\/?cat=50\" rel=\"category\">Catalunya<\/a><\/div><header class=\"title\"><h2 itemprop=\"headline\"><a href=\"https:\/\/www.viajandoamiritmo.com\/?p=2386\" title=\"Permalink to 6 lugares imprescindibles que ver en Cambrils\" rel=\"bookmark\">6 lugares imprescindibles que ver en Cambrils<\/a><\/h2><\/header><div class=\"post-content\"><div class=\"post-excerpt\">Acomp\u00e1\u00f1ame a descubrir en este post los 6 lugares imprescindibles que ver en Cambrils, situado <\/div><\/div><div class=\"post-meta footer-meta\"><div class=\"post-like\"><div class=\"item-like\"><a href=\"#\" data-post_id=\"2386\"><span  title=\"I like this\" class=\"qtip like\"><i class=\"la la-heart-o\"><\/i><\/span><\/a><span class=\"count\">0<\/span> Like<\/div><\/div><div class=\"post-read\">4 mins read<\/div><div class=\"post-view\">78 Views<\/div><\/div><\/div><\/div><\/article><article class=\"post-size span6 style_1 2371 post-2371 post type-post status-publish format-standard has-post-thumbnail hentry category-barcelona category-catalunya category-travel post\"><div class=\"post-content-container textcenter\"><div class=\"post-img-block\"><div class=\"label-date\"><span class=\"day\">23<\/span><span class=\"month\">Dic<\/span><\/div><figure class=\"post-img\"><a href=\"https:\/\/www.viajandoamiritmo.com\/?p=2371\" rel=\"bookmark\"><img decoding=\"async\" width=\"1\" height=\"1\" src=\"https:\/\/www.viajandoamiritmo.com\/wp-content\/uploads\/2024\/12\/IMG_1468.heic\" class=\"attachment-medium size-medium wp-post-image\" alt=\"\" \/><\/a><\/figure><\/div><div class=\"post-content-block\"><div class=\"meta-categories\"><a href=\"https:\/\/www.viajandoamiritmo.com\/?cat=60\" rel=\"category\">Barcelona<\/a>, <a href=\"https:\/\/www.viajandoamiritmo.com\/?cat=50\" rel=\"category\">Catalunya<\/a>, <a href=\"https:\/\/www.viajandoamiritmo.com\/?cat=10\" rel=\"category\">Travel<\/a><\/div><header class=\"title\"><h2 itemprop=\"headline\"><a href=\"https:\/\/www.viajandoamiritmo.com\/?p=2371\" title=\"Permalink to Exposici\u00f3n de \u00abAlicia en el Pa\u00eds de las Maravillas\u00bb\" rel=\"bookmark\">Exposici\u00f3n de \u00abAlicia en el Pa\u00eds de las Maravillas\u00bb<\/a><\/h2><\/header><div class=\"post-content\"><div class=\"post-excerpt\">Exposici\u00f3n de \u201cAlicia en el Pa\u00eds de las Maravillas\u201d Barcelona se adentra en los mundos <\/div><\/div><div class=\"post-meta footer-meta\"><div class=\"post-like\"><div class=\"item-like\"><a href=\"#\" data-post_id=\"2371\"><span  title=\"I like this\" class=\"qtip like\"><i class=\"la la-heart-o\"><\/i><\/span><\/a><span class=\"count\">0<\/span> Like<\/div><\/div><div class=\"post-read\">3 mins read<\/div><div class=\"post-view\">73 Views<\/div><\/div><\/div><\/div><\/article><article class=\"post-size span6 style_1 2355 post-2355 post type-post status-publish format-standard has-post-thumbnail hentry category-barcelona category-catalunya category-travel post\"><div class=\"post-content-container textcenter\"><div class=\"post-img-block\"><div class=\"label-date\"><span class=\"day\">01<\/span><span class=\"month\">Sep<\/span><\/div><figure class=\"post-img\"><a href=\"https:\/\/www.viajandoamiritmo.com\/?p=2355\" rel=\"bookmark\"><img fetchpriority=\"high\" decoding=\"async\" width=\"570\" height=\"410\" src=\"https:\/\/www.viajandoamiritmo.com\/wp-content\/uploads\/2024\/09\/IMG_8483-570x410.jpg\" class=\"attachment-medium size-medium wp-post-image\" alt=\"\" \/><\/a><\/figure><\/div><div class=\"post-content-block\"><div class=\"meta-categories\"><a href=\"https:\/\/www.viajandoamiritmo.com\/?cat=60\" rel=\"category\">Barcelona<\/a>, <a href=\"https:\/\/www.viajandoamiritmo.com\/?cat=50\" rel=\"category\">Catalunya<\/a>, <a href=\"https:\/\/www.viajandoamiritmo.com\/?cat=10\" rel=\"category\">Travel<\/a><\/div><header class=\"title\"><h2 itemprop=\"headline\"><a href=\"https:\/\/www.viajandoamiritmo.com\/?p=2355\" title=\"Permalink to La Vendimia del Cava: Canals &#038; Munn\u00e9\" rel=\"bookmark\">La Vendimia del Cava: Canals &#038; Munn\u00e9<\/a><\/h2><\/header><div class=\"post-content\"><div class=\"post-excerpt\">Durante 5 fines de semana, del 31 de agosto al 29 de septiembre, varias comarcas <\/div><\/div><div class=\"post-meta footer-meta\"><div class=\"post-like\"><div class=\"item-like\"><a href=\"#\" data-post_id=\"2355\"><span  title=\"I like this\" class=\"qtip like\"><i class=\"la la-heart-o\"><\/i><\/span><\/a><span class=\"count\">0<\/span> Like<\/div><\/div><div class=\"post-read\">3 mins read<\/div><div class=\"post-view\">143 Views<\/div><\/div><\/div><\/div><\/article><article class=\"post-size span6 style_1 2330 post-2330 post type-post status-publish format-standard has-post-thumbnail hentry category-barcelona category-catalunya category-travel post\"><div class=\"post-content-container textcenter\"><div class=\"post-img-block\"><div class=\"label-date\"><span class=\"day\">07<\/span><span class=\"month\">Jul<\/span><\/div><figure class=\"post-img\"><a href=\"https:\/\/www.viajandoamiritmo.com\/?p=2330\" rel=\"bookmark\"><img loading=\"lazy\" decoding=\"async\" width=\"570\" height=\"410\" src=\"https:\/\/www.viajandoamiritmo.com\/wp-content\/uploads\/2024\/07\/IMG_2278-570x410.webp\" class=\"attachment-medium size-medium wp-post-image\" alt=\"\" \/><\/a><\/figure><\/div><div class=\"post-content-block\"><div class=\"meta-categories\"><a href=\"https:\/\/www.viajandoamiritmo.com\/?cat=60\" rel=\"category\">Barcelona<\/a>, <a href=\"https:\/\/www.viajandoamiritmo.com\/?cat=50\" rel=\"category\">Catalunya<\/a>, <a href=\"https:\/\/www.viajandoamiritmo.com\/?cat=10\" rel=\"category\">Travel<\/a><\/div><header class=\"title\"><h2 itemprop=\"headline\"><a href=\"https:\/\/www.viajandoamiritmo.com\/?p=2330\" title=\"Permalink to Visita guiada a la Biblioteca P\u00fablica Ar\u00fas\" rel=\"bookmark\">Visita guiada a la Biblioteca P\u00fablica Ar\u00fas<\/a><\/h2><\/header><div class=\"post-content\"><div class=\"post-excerpt\">Rossend Ar\u00fas i Arderiu (1845-1891) naci\u00f3 en Barcelona en 1845, fijo de Pere Ar\u00fas i <\/div><\/div><div class=\"post-meta footer-meta\"><div class=\"post-like\"><div class=\"item-like\"><a href=\"#\" data-post_id=\"2330\"><span  title=\"I like this\" class=\"qtip like\"><i class=\"la la-heart-o\"><\/i><\/span><\/a><span class=\"count\">0<\/span> Like<\/div><\/div><div class=\"post-read\">5 mins read<\/div><div class=\"post-view\">96 Views<\/div><\/div><\/div><\/div><\/article><article class=\"post-size span6 style_1 2307 post-2307 post type-post status-publish format-standard has-post-thumbnail hentry category-espana category-la-rioja category-logrono category-travel post\"><div class=\"post-content-container textcenter\"><div class=\"post-img-block\"><div class=\"label-date\"><span class=\"day\">26<\/span><span class=\"month\">May<\/span><\/div><figure class=\"post-img\"><a href=\"https:\/\/www.viajandoamiritmo.com\/?p=2307\" rel=\"bookmark\"><img loading=\"lazy\" decoding=\"async\" width=\"480\" height=\"410\" src=\"https:\/\/www.viajandoamiritmo.com\/wp-content\/uploads\/2024\/05\/IMG_9395-en-tamano-mediano-480x410.jpeg\" class=\"attachment-medium size-medium wp-post-image\" alt=\"\" \/><\/a><\/figure><\/div><div class=\"post-content-block\"><div class=\"meta-categories\"><a href=\"https:\/\/www.viajandoamiritmo.com\/?cat=69\" rel=\"category\">Espa\u00f1a<\/a>, <a href=\"https:\/\/www.viajandoamiritmo.com\/?cat=68\" rel=\"category\">La Rioja<\/a>, <a href=\"https:\/\/www.viajandoamiritmo.com\/?cat=67\" rel=\"category\">Logro\u00f1o<\/a>, <a href=\"https:\/\/www.viajandoamiritmo.com\/?cat=10\" rel=\"category\">Travel<\/a><\/div><header class=\"title\"><h2 itemprop=\"headline\"><a href=\"https:\/\/www.viajandoamiritmo.com\/?p=2307\" title=\"Permalink to QU\u00c9 VER EN LOGRO\u00d1O EN 1 D\u00cdA\" rel=\"bookmark\">QU\u00c9 VER EN LOGRO\u00d1O EN 1 D\u00cdA<\/a><\/h2><\/header><div class=\"post-content\"><div class=\"post-excerpt\">Logro\u00f1o, la capital de La Rioja, es una ciudad llena de tradiciones, historia y atractivos <\/div><\/div><div class=\"post-meta footer-meta\"><div class=\"post-like\"><div class=\"item-like\"><a href=\"#\" data-post_id=\"2307\"><span  title=\"I like this\" class=\"qtip like\"><i class=\"la la-heart-o\"><\/i><\/span><\/a><span class=\"count\">2<\/span> Likes<\/div><\/div><div class=\"post-read\">5 mins read<\/div><div class=\"post-view\">227 Views<\/div><\/div><\/div><\/div><\/article><article class=\"post-size span6 style_1 2260 post-2260 post type-post status-publish format-standard has-post-thumbnail hentry category-barcelona category-catalunya category-travel tag-baix-llobregat tag-barcelona tag-catalunya tag-travel post\"><div class=\"post-content-container textcenter\"><div class=\"post-img-block\"><div class=\"label-date\"><span class=\"day\">26<\/span><span class=\"month\">Mar<\/span><\/div><figure class=\"post-img\"><a href=\"https:\/\/www.viajandoamiritmo.com\/?p=2260\" rel=\"bookmark\"><img loading=\"lazy\" decoding=\"async\" width=\"570\" height=\"410\" src=\"https:\/\/www.viajandoamiritmo.com\/wp-content\/uploads\/2024\/03\/IMG_4394-570x410.jpeg\" class=\"attachment-medium size-medium wp-post-image\" alt=\"\" \/><\/a><\/figure><\/div><div class=\"post-content-block\"><div class=\"meta-categories\"><a href=\"https:\/\/www.viajandoamiritmo.com\/?cat=60\" rel=\"category\">Barcelona<\/a>, <a href=\"https:\/\/www.viajandoamiritmo.com\/?cat=50\" rel=\"category\">Catalunya<\/a>, <a href=\"https:\/\/www.viajandoamiritmo.com\/?cat=10\" rel=\"category\">Travel<\/a><\/div><header class=\"title\"><h2 itemprop=\"headline\"><a href=\"https:\/\/www.viajandoamiritmo.com\/?p=2260\" title=\"Permalink to Espacios Naturales del Delta de Llobregat\u00a0\" rel=\"bookmark\">Espacios Naturales del Delta de Llobregat\u00a0<\/a><\/h2><\/header><div class=\"post-content\"><div class=\"post-excerpt\">Es casi impensable que al lado de la ciudad de Barcelona exista un sitio natural <\/div><\/div><div class=\"post-meta footer-meta\"><div class=\"post-like\"><div class=\"item-like\"><a href=\"#\" data-post_id=\"2260\"><span  title=\"I like this\" class=\"qtip like\"><i class=\"la la-heart-o\"><\/i><\/span><\/a><span class=\"count\">0<\/span> Like<\/div><\/div><div class=\"post-read\">4 mins read<\/div><div class=\"post-view\">111 Views<\/div><\/div><\/div><\/div><\/article><article class=\"post-size span6 style_1 2257 post-2257 post type-post status-publish format-standard has-post-thumbnail hentry category-barcelona category-catalunya category-travel tag-barcelona tag-catalunya tag-el-prat-de-llobregat tag-travel post\"><div class=\"post-content-container textcenter\"><div class=\"post-img-block\"><div class=\"label-date\"><span class=\"day\">22<\/span><span class=\"month\">Feb<\/span><\/div><figure class=\"post-img\"><a href=\"https:\/\/www.viajandoamiritmo.com\/?p=2257\" rel=\"bookmark\"><img loading=\"lazy\" decoding=\"async\" width=\"570\" height=\"410\" src=\"https:\/\/www.viajandoamiritmo.com\/wp-content\/uploads\/2024\/02\/IMG_5783_Original-570x410.jpg\" class=\"attachment-medium size-medium wp-post-image\" alt=\"\" \/><\/a><\/figure><\/div><div class=\"post-content-block\"><div class=\"meta-categories\"><a href=\"https:\/\/www.viajandoamiritmo.com\/?cat=60\" rel=\"category\">Barcelona<\/a>, <a href=\"https:\/\/www.viajandoamiritmo.com\/?cat=50\" rel=\"category\">Catalunya<\/a>, <a href=\"https:\/\/www.viajandoamiritmo.com\/?cat=10\" rel=\"category\">Travel<\/a><\/div><header class=\"title\"><h2 itemprop=\"headline\"><a href=\"https:\/\/www.viajandoamiritmo.com\/?p=2257\" title=\"Permalink to El mirador del Aeropuerto de El Prat de Llobregat\" rel=\"bookmark\">El mirador del Aeropuerto de El Prat de Llobregat<\/a><\/h2><\/header><div class=\"post-content\"><div class=\"post-excerpt\">\u00bfSab\u00edas que El Prat de Llobregat cuenta con un mirador para observar los aviones que <\/div><\/div><div class=\"post-meta footer-meta\"><div class=\"post-like\"><div class=\"item-like\"><a href=\"#\" data-post_id=\"2257\"><span  title=\"I like this\" class=\"qtip like\"><i class=\"la la-heart-o\"><\/i><\/span><\/a><span class=\"count\">0<\/span> Like<\/div><\/div><div class=\"post-read\">3 mins read<\/div><div class=\"post-view\">142 Views<\/div><\/div><\/div><\/div><\/article><article class=\"post-size span6 style_1 2262 post-2262 post type-post status-publish format-standard has-post-thumbnail hentry category-barcelona category-catalunya category-travel post\"><div class=\"post-content-container textcenter\"><div class=\"post-img-block\"><div class=\"label-date\"><span class=\"day\">10<\/span><span class=\"month\">Ene<\/span><\/div><figure class=\"post-img\"><a href=\"https:\/\/www.viajandoamiritmo.com\/?p=2262\" rel=\"bookmark\"><img loading=\"lazy\" decoding=\"async\" width=\"570\" height=\"410\" src=\"https:\/\/www.viajandoamiritmo.com\/wp-content\/uploads\/2024\/01\/IMG_7172-570x410.jpeg\" class=\"attachment-medium size-medium wp-post-image\" alt=\"\" \/><\/a><\/figure><\/div><div class=\"post-content-block\"><div class=\"meta-categories\"><a href=\"https:\/\/www.viajandoamiritmo.com\/?cat=60\" rel=\"category\">Barcelona<\/a>, <a href=\"https:\/\/www.viajandoamiritmo.com\/?cat=50\" rel=\"category\">Catalunya<\/a>, <a href=\"https:\/\/www.viajandoamiritmo.com\/?cat=10\" rel=\"category\">Travel<\/a><\/div><header class=\"title\"><h2 itemprop=\"headline\"><a href=\"https:\/\/www.viajandoamiritmo.com\/?p=2262\" title=\"Permalink to \u201cLA GAMBA\u201d de Barcelona\" rel=\"bookmark\">\u201cLA GAMBA\u201d de Barcelona<\/a><\/h2><\/header><div class=\"post-content\"><div class=\"post-excerpt\">\u00bfOs hab\u00e9is fijado alguna vez en la escultura de una gamba que hay en Barcelona? <\/div><\/div><div class=\"post-meta footer-meta\"><div class=\"post-like\"><div class=\"item-like\"><a href=\"#\" data-post_id=\"2262\"><span  title=\"I like this\" class=\"qtip like\"><i class=\"la la-heart-o\"><\/i><\/span><\/a><span class=\"count\">0<\/span> Like<\/div><\/div><div class=\"post-read\">2 mins read<\/div><div class=\"post-view\">130 Views<\/div><\/div><\/div><\/div><\/article><article class=\"post-size span6 style_1 2231 post-2231 post type-post status-publish format-standard has-post-thumbnail hentry category-barcelona category-catalunya category-travel post\"><div class=\"post-content-container textcenter\"><div class=\"post-img-block\"><div class=\"label-date\"><span class=\"day\">30<\/span><span class=\"month\">Nov<\/span><\/div><figure class=\"post-img\"><a href=\"https:\/\/www.viajandoamiritmo.com\/?p=2231\" rel=\"bookmark\"><img loading=\"lazy\" decoding=\"async\" width=\"570\" height=\"410\" src=\"https:\/\/www.viajandoamiritmo.com\/wp-content\/uploads\/2023\/11\/IMG_7974-570x410.jpeg\" class=\"attachment-medium size-medium wp-post-image\" alt=\"\" \/><\/a><\/figure><\/div><div class=\"post-content-block\"><div class=\"meta-categories\"><a href=\"https:\/\/www.viajandoamiritmo.com\/?cat=60\" rel=\"category\">Barcelona<\/a>, <a href=\"https:\/\/www.viajandoamiritmo.com\/?cat=50\" rel=\"category\">Catalunya<\/a>, <a href=\"https:\/\/www.viajandoamiritmo.com\/?cat=10\" rel=\"category\">Travel<\/a><\/div><header class=\"title\"><h2 itemprop=\"headline\"><a href=\"https:\/\/www.viajandoamiritmo.com\/?p=2231\" title=\"Permalink to Lumagica,  luces de Navidad en Catalunya en Miniatura\" rel=\"bookmark\">Lumagica,  luces de Navidad en Catalunya en Miniatura<\/a><\/h2><\/header><div class=\"post-content\"><div class=\"post-excerpt\">Si buscas un plan para hacer en Navidad en Barcelona o alrededores, Lumagica es una <\/div><\/div><div class=\"post-meta footer-meta\"><div class=\"post-like\"><div class=\"item-like\"><a href=\"#\" data-post_id=\"2231\"><span  title=\"I like this\" class=\"qtip like\"><i class=\"la la-heart-o\"><\/i><\/span><\/a><span class=\"count\">0<\/span> Like<\/div><\/div><div class=\"post-read\">2 mins read<\/div><div class=\"post-view\">161 Views<\/div><\/div><\/div><\/div><\/article><\/div><div id=\"pagination\"><span class=\"current\">1<\/span><a href='https:\/\/www.viajandoamiritmo.com\/index.php?rest_route=%2Fwp%2Fv2%2Fpages%2F1084&#038;paged=2' class=\"inactive\">2<\/a><a href='https:\/\/www.viajandoamiritmo.com\/index.php?rest_route=%2Fwp%2Fv2%2Fpages%2F1084&#038;paged=3' class=\"inactive\">3<\/a><a href=\"https:\/\/www.viajandoamiritmo.com\/index.php?rest_route=%2Fwp%2Fv2%2Fpages%2F1084&#038;paged=2\" class=\"next\"><i class=\"la la-angle-right\"><\/i><\/a><\/div><\/div>","protected":false},"excerpt":{"rendered":"","protected":false},"author":1,"featured_media":35,"parent":0,"menu_order":0,"comment_status":"closed","ping_status":"closed","template":"","meta":{"footnotes":""},"class_list":["post-1084","page","type-page","status-publish","has-post-thumbnail","hentry"],"yoast_head":"<!-- This site is optimized with the Yoast SEO plugin v24.4 - https:\/\/yoast.com\/wordpress\/plugins\/seo\/ -->\n<title>Home - Viajando a mi ritmo<\/title>\n<meta name=\"robots\" content=\"index, follow, max-snippet:-1, max-image-preview:large, max-video-preview:-1\" \/>\n<link rel=\"canonical\" href=\"https:\/\/www.viajandoamiritmo.com\/\" \/>\n<meta property=\"og:locale\" content=\"es_ES\" \/>\n<meta property=\"og:type\" content=\"article\" \/>\n<meta property=\"og:title\" content=\"Home - Viajando a mi ritmo\" \/>\n<meta property=\"og:url\" content=\"https:\/\/www.viajandoamiritmo.com\/\" \/>\n<meta property=\"og:site_name\" content=\"Viajando a mi ritmo\" \/>\n<meta property=\"article:modified_time\" content=\"2020-04-27T19:29:13+00:00\" \/>\n<meta property=\"og:image\" content=\"http:\/\/www.viajandoamiritmo.com\/wp-content\/uploads\/2019\/05\/IMG_0205-1024x768.jpg\" \/>\n\t<meta property=\"og:image:width\" content=\"1024\" \/>\n\t<meta property=\"og:image:height\" content=\"768\" \/>\n\t<meta property=\"og:image:type\" content=\"image\/jpeg\" \/>\n<meta name=\"twitter:card\" content=\"summary_large_image\" \/>\n<script type=\"application\/ld+json\" class=\"yoast-schema-graph\">{\"@context\":\"https:\/\/schema.org\",\"@graph\":[{\"@type\":\"WebPage\",\"@id\":\"https:\/\/www.viajandoamiritmo.com\/\",\"url\":\"https:\/\/www.viajandoamiritmo.com\/\",\"name\":\"Home - Viajando a mi ritmo\",\"isPartOf\":{\"@id\":\"https:\/\/www.viajandoamiritmo.com\/#website\"},\"primaryImageOfPage\":{\"@id\":\"https:\/\/www.viajandoamiritmo.com\/#primaryimage\"},\"image\":{\"@id\":\"https:\/\/www.viajandoamiritmo.com\/#primaryimage\"},\"thumbnailUrl\":\"https:\/\/www.viajandoamiritmo.com\/wp-content\/uploads\/2019\/05\/IMG_0205.jpg\",\"datePublished\":\"2018-12-03T12:43:10+00:00\",\"dateModified\":\"2020-04-27T19:29:13+00:00\",\"breadcrumb\":{\"@id\":\"https:\/\/www.viajandoamiritmo.com\/#breadcrumb\"},\"inLanguage\":\"es\",\"potentialAction\":[{\"@type\":\"ReadAction\",\"target\":[\"https:\/\/www.viajandoamiritmo.com\/\"]}]},{\"@type\":\"ImageObject\",\"inLanguage\":\"es\",\"@id\":\"https:\/\/www.viajandoamiritmo.com\/#primaryimage\",\"url\":\"https:\/\/www.viajandoamiritmo.com\/wp-content\/uploads\/2019\/05\/IMG_0205.jpg\",\"contentUrl\":\"https:\/\/www.viajandoamiritmo.com\/wp-content\/uploads\/2019\/05\/IMG_0205.jpg\",\"width\":4032,\"height\":3024},{\"@type\":\"BreadcrumbList\",\"@id\":\"https:\/\/www.viajandoamiritmo.com\/#breadcrumb\",\"itemListElement\":[{\"@type\":\"ListItem\",\"position\":1,\"name\":\"Portada\",\"item\":\"https:\/\/www.viajandoamiritmo.com\/\"},{\"@type\":\"ListItem\",\"position\":2,\"name\":\"Home\"}]},{\"@type\":\"WebSite\",\"@id\":\"https:\/\/www.viajandoamiritmo.com\/#website\",\"url\":\"https:\/\/www.viajandoamiritmo.com\/\",\"name\":\"Viajando a mi ritmo\",\"description\":\"Blog de mis viajes y escapadas\",\"potentialAction\":[{\"@type\":\"SearchAction\",\"target\":{\"@type\":\"EntryPoint\",\"urlTemplate\":\"https:\/\/www.viajandoamiritmo.com\/?s={search_term_string}\"},\"query-input\":{\"@type\":\"PropertyValueSpecification\",\"valueRequired\":true,\"valueName\":\"search_term_string\"}}],\"inLanguage\":\"es\"}]}<\/script>\n<!-- \/ Yoast SEO plugin. -->","yoast_head_json":{"title":"Home - Viajando a mi ritmo","robots":{"index":"index","follow":"follow","max-snippet":"max-snippet:-1","max-image-preview":"max-image-preview:large","max-video-preview":"max-video-preview:-1"},"canonical":"https:\/\/www.viajandoamiritmo.com\/","og_locale":"es_ES","og_type":"article","og_title":"Home - Viajando a mi ritmo","og_url":"https:\/\/www.viajandoamiritmo.com\/","og_site_name":"Viajando a mi ritmo","article_modified_time":"2020-04-27T19:29:13+00:00","og_image":[{"width":1024,"height":768,"url":"http:\/\/www.viajandoamiritmo.com\/wp-content\/uploads\/2019\/05\/IMG_0205-1024x768.jpg","type":"image\/jpeg"}],"twitter_card":"summary_large_image","schema":{"@context":"https:\/\/schema.org","@graph":[{"@type":"WebPage","@id":"https:\/\/www.viajandoamiritmo.com\/","url":"https:\/\/www.viajandoamiritmo.com\/","name":"Home - Viajando a mi ritmo","isPartOf":{"@id":"https:\/\/www.viajandoamiritmo.com\/#website"},"primaryImageOfPage":{"@id":"https:\/\/www.viajandoamiritmo.com\/#primaryimage"},"image":{"@id":"https:\/\/www.viajandoamiritmo.com\/#primaryimage"},"thumbnailUrl":"https:\/\/www.viajandoamiritmo.com\/wp-content\/uploads\/2019\/05\/IMG_0205.jpg","datePublished":"2018-12-03T12:43:10+00:00","dateModified":"2020-04-27T19:29:13+00:00","breadcrumb":{"@id":"https:\/\/www.viajandoamiritmo.com\/#breadcrumb"},"inLanguage":"es","potentialAction":[{"@type":"ReadAction","target":["https:\/\/www.viajandoamiritmo.com\/"]}]},{"@type":"ImageObject","inLanguage":"es","@id":"https:\/\/www.viajandoamiritmo.com\/#primaryimage","url":"https:\/\/www.viajandoamiritmo.com\/wp-content\/uploads\/2019\/05\/IMG_0205.jpg","contentUrl":"https:\/\/www.viajandoamiritmo.com\/wp-content\/uploads\/2019\/05\/IMG_0205.jpg","width":4032,"height":3024},{"@type":"BreadcrumbList","@id":"https:\/\/www.viajandoamiritmo.com\/#breadcrumb","itemListElement":[{"@type":"ListItem","position":1,"name":"Portada","item":"https:\/\/www.viajandoamiritmo.com\/"},{"@type":"ListItem","position":2,"name":"Home"}]},{"@type":"WebSite","@id":"https:\/\/www.viajandoamiritmo.com\/#website","url":"https:\/\/www.viajandoamiritmo.com\/","name":"Viajando a mi ritmo","description":"Blog de mis viajes y escapadas","potentialAction":[{"@type":"SearchAction","target":{"@type":"EntryPoint","urlTemplate":"https:\/\/www.viajandoamiritmo.com\/?s={search_term_string}"},"query-input":{"@type":"PropertyValueSpecification","valueRequired":true,"valueName":"search_term_string"}}],"inLanguage":"es"}]}},"_links":{"self":[{"href":"https:\/\/www.viajandoamiritmo.com\/index.php?rest_route=\/wp\/v2\/pages\/1084","targetHints":{"allow":["GET"]}}],"collection":[{"href":"https:\/\/www.viajandoamiritmo.com\/index.php?rest_route=\/wp\/v2\/pages"}],"about":[{"href":"https:\/\/www.viajandoamiritmo.com\/index.php?rest_route=\/wp\/v2\/types\/page"}],"author":[{"embeddable":true,"href":"https:\/\/www.viajandoamiritmo.com\/index.php?rest_route=\/wp\/v2\/users\/1"}],"replies":[{"embeddable":true,"href":"https:\/\/www.viajandoamiritmo.com\/index.php?rest_route=%2Fwp%2Fv2%2Fcomments&post=1084"}],"version-history":[{"count":2,"href":"https:\/\/www.viajandoamiritmo.com\/index.php?rest_route=\/wp\/v2\/pages\/1084\/revisions"}],"predecessor-version":[{"id":1697,"href":"https:\/\/www.viajandoamiritmo.com\/index.php?rest_route=\/wp\/v2\/pages\/1084\/revisions\/1697"}],"wp:featuredmedia":[{"embeddable":true,"href":"https:\/\/www.viajandoamiritmo.com\/index.php?rest_route=\/wp\/v2\/media\/35"}],"wp:attachment":[{"href":"https:\/\/www.viajandoamiritmo.com\/index.php?rest_route=%2Fwp%2Fv2%2Fmedia&parent=1084"}],"curies":[{"name":"wp","href":"https:\/\/api.w.org\/{rel}","templated":true}]}}